{"id":343,"date":"2022-04-07T18:33:19","date_gmt":"2022-04-07T18:33:19","guid":{"rendered":"https:\/\/www.hiexlogrono.com\/parking-hotel-logrono-parque\/"},"modified":"2024-12-18T16:02:29","modified_gmt":"2024-12-18T16:02:29","slug":"parking-hotel-logrono","status":"publish","type":"page","link":"https:\/\/www.hiexlogrono.com\/en\/parking-hotel-logrono\/","title":{"rendered":"Parking Holiday Inn Express Logro\u00f1o Rioja"},"content":{"rendered":"<div class=\"container-fluid\">\n<div class=\"row\">\n<div class=\"col-12 col-md-6 col-lg-8\">\n<iframe src=\"https:\/\/www.google.com\/maps\/embed?pb=!1m28!1m12!1m3!1d1471.7373486771999!2d-2.466236023926449!3d42.46019172356082!2m3!1f0!2f0!3f0!3m2!1i1024!2i768!4f13.1!4m13!3e0!4m5!1s0xd4554b3d7ce7f9d%3A0xc317fa9ed82d2b13!2sHotel%20Logro%C3%B1o%20Parque%2C%20Av.%20Club%20Deportivo%2C%2098%2C%2026007%20Logro%C3%B1o%2C%20La%20Rioja!3m2!1d42.458819999999996!2d-2.4655!4m5!1s0xd4554b153b7350d%3A0x28cebafb204a1bd5!2zQ2FsbGUgUsOtbyBJc2xhLCAxMSwgTG9ncm_DsW8!3m2!1d42.460532699999995!2d-2.4657869!5e0!3m2!1ses!2ses!4v1649355592295!5m2!1ses!2ses\" style=\"border:0;\" allowfullscreen=\"\" loading=\"lazy\" referrerpolicy=\"no-referrer-when-downgrade\" width=\"100%\" height=\"450\"><\/iframe><\/div>\n<div class=\"col-12 col-md-6 col-lg-4 bg-secondary text-light\">\n<ul class=\"list-group list-group-flush pt-3\">\n<li class=\"list-group-item\">\n<h4>FEE<\/h4>\n<p>Full day 8.80 VAT included<\/li>\n<li class=\"list-group-item\">\n<h4>SCHEDULE : OPENING HOURS<\/h4>\n<p>Monday to Sunday 24 hours<\/li>\n<li class=\"list-group-item\">\n<h4>RULES OF USE<\/h4>\n<p>The hotel is not responsible for any damage that may be caused to the vehicle.<\/p>\n<p>Nor is it responsible for thefts, thefts or robberies that are carried out both inside the vehicles and in the garage space.<\/p>\n<p>We remind you that you have safety boxes at your disposal in the room.<\/li>\n<\/ul>\n<\/div>\n<\/div>\n<\/div>\n","protected":false},"excerpt":{"rendered":"<p>FEE Full day 8.80 VAT included SCHEDULE : OPENING HOURS Monday to Sunday 24 hours [&hellip;]<\/p>\n","protected":false},"author":1,"featured_media":1069,"parent":0,"menu_order":0,"comment_status":"closed","ping_status":"closed","template":"template-ubicacion.php","meta":{"_acf_changed":false,"footnotes":""},"class_list":["post-343","page","type-page","status-publish","has-post-thumbnail","hentry"],"acf":[],"yoast_head":"<!-- This site is optimized with the Yoast SEO plugin v26.5 - https:\/\/yoast.com\/wordpress\/plugins\/seo\/ -->\n<title>Parking Holiday Inn Express Logro\u00f1o Rioja in Logro\u00f1o city center<\/title>\n<meta name=\"description\" content=\"The Holiday Inn Express Logro\u00f1o Rioja offers 24 hour parking. in the city center. Guests can take advantage of our affordable special rates\" \/>\n<meta name=\"robots\" content=\"index, follow, max-snippet:-1, max-image-preview:large, max-video-preview:-1\" \/>\n<link rel=\"canonical\" href=\"https:\/\/www.hiexlogrono.com\/en\/parking-hotel-logrono\/\" \/>\n<meta property=\"og:locale\" content=\"en_US\" \/>\n<meta property=\"og:type\" content=\"article\" \/>\n<meta property=\"og:title\" content=\"Parking Holiday Inn Express Logro\u00f1o Rioja in Logro\u00f1o city center\" \/>\n<meta property=\"og:description\" content=\"The Holiday Inn Express Logro\u00f1o Rioja offers 24 hour parking. in the city center. Guests can take advantage of our affordable special rates\" \/>\n<meta property=\"og:url\" content=\"https:\/\/www.hiexlogrono.com\/en\/parking-hotel-logrono\/\" \/>\n<meta property=\"og:site_name\" content=\"Holiday Inn Express Logro\u00f1o Rioja 3*** | Web oficial\" \/>\n<meta property=\"article:modified_time\" content=\"2024-12-18T16:02:29+00:00\" \/>\n<meta property=\"og:image\" content=\"https:\/\/www.hiexlogrono.com\/wp-content\/uploads\/2024\/10\/parjing_portada.jpg\" \/>\n\t<meta property=\"og:image:width\" content=\"2500\" \/>\n\t<meta property=\"og:image:height\" content=\"679\" \/>\n\t<meta property=\"og:image:type\" content=\"image\/jpeg\" \/>\n<meta name=\"twitter:card\" content=\"summary_large_image\" \/>\n<meta name=\"twitter:label1\" content=\"Est. reading time\" \/>\n\t<meta name=\"twitter:data1\" content=\"1 minute\" \/>\n<script type=\"application\/ld+json\" class=\"yoast-schema-graph\">{\"@context\":\"https:\/\/schema.org\",\"@graph\":[{\"@type\":\"WebPage\",\"@id\":\"https:\/\/www.hiexlogrono.com\/en\/parking-hotel-logrono\/\",\"url\":\"https:\/\/www.hiexlogrono.com\/en\/parking-hotel-logrono\/\",\"name\":\"Parking Holiday Inn Express Logro\u00f1o Rioja in Logro\u00f1o city center\",\"isPartOf\":{\"@id\":\"https:\/\/www.hiexlogrono.com\/en\/#website\"},\"primaryImageOfPage\":{\"@id\":\"https:\/\/www.hiexlogrono.com\/en\/parking-hotel-logrono\/#primaryimage\"},\"image\":{\"@id\":\"https:\/\/www.hiexlogrono.com\/en\/parking-hotel-logrono\/#primaryimage\"},\"thumbnailUrl\":\"https:\/\/www.hiexlogrono.com\/wp-content\/uploads\/2025\/10\/bg_parking.jpg\",\"datePublished\":\"2022-04-07T18:33:19+00:00\",\"dateModified\":\"2024-12-18T16:02:29+00:00\",\"description\":\"The Holiday Inn Express Logro\u00f1o Rioja offers 24 hour parking. in the city center. Guests can take advantage of our affordable special rates\",\"breadcrumb\":{\"@id\":\"https:\/\/www.hiexlogrono.com\/en\/parking-hotel-logrono\/#breadcrumb\"},\"inLanguage\":\"en-US\",\"potentialAction\":[{\"@type\":\"ReadAction\",\"target\":[\"https:\/\/www.hiexlogrono.com\/en\/parking-hotel-logrono\/\"]}]},{\"@type\":\"ImageObject\",\"inLanguage\":\"en-US\",\"@id\":\"https:\/\/www.hiexlogrono.com\/en\/parking-hotel-logrono\/#primaryimage\",\"url\":\"https:\/\/www.hiexlogrono.com\/wp-content\/uploads\/2025\/10\/bg_parking.jpg\",\"contentUrl\":\"https:\/\/www.hiexlogrono.com\/wp-content\/uploads\/2025\/10\/bg_parking.jpg\",\"width\":2560,\"height\":679},{\"@type\":\"BreadcrumbList\",\"@id\":\"https:\/\/www.hiexlogrono.com\/en\/parking-hotel-logrono\/#breadcrumb\",\"itemListElement\":[{\"@type\":\"ListItem\",\"position\":1,\"name\":\"Portada\",\"item\":\"https:\/\/www.hiexlogrono.com\/en\/\"},{\"@type\":\"ListItem\",\"position\":2,\"name\":\"Parking Holiday Inn Express Logro\u00f1o Rioja\"}]},{\"@type\":\"WebSite\",\"@id\":\"https:\/\/www.hiexlogrono.com\/en\/#website\",\"url\":\"https:\/\/www.hiexlogrono.com\/en\/\",\"name\":\"Holiday Inn Express Logro\u00f1o Rioja 3*** | Web oficial\",\"description\":\"\",\"publisher\":{\"@id\":\"https:\/\/www.hiexlogrono.com\/en\/#organization\"},\"potentialAction\":[{\"@type\":\"SearchAction\",\"target\":{\"@type\":\"EntryPoint\",\"urlTemplate\":\"https:\/\/www.hiexlogrono.com\/en\/?s={search_term_string}\"},\"query-input\":{\"@type\":\"PropertyValueSpecification\",\"valueRequired\":true,\"valueName\":\"search_term_string\"}}],\"inLanguage\":\"en-US\"},{\"@type\":\"Organization\",\"@id\":\"https:\/\/www.hiexlogrono.com\/en\/#organization\",\"name\":\"Logro\u00f1o Parque Hotel\",\"url\":\"https:\/\/www.hiexlogrono.com\/en\/\",\"logo\":{\"@type\":\"ImageObject\",\"inLanguage\":\"en-US\",\"@id\":\"https:\/\/www.hiexlogrono.com\/en\/#\/schema\/logo\/image\/\",\"url\":\"https:\/\/www.hiexlogrono.com\/wp-content\/uploads\/2022\/04\/logo_azul.png\",\"contentUrl\":\"https:\/\/www.hiexlogrono.com\/wp-content\/uploads\/2022\/04\/logo_azul.png\",\"width\":974,\"height\":466,\"caption\":\"Logro\u00f1o Parque Hotel\"},\"image\":{\"@id\":\"https:\/\/www.hiexlogrono.com\/en\/#\/schema\/logo\/image\/\"}}]}<\/script>\n<!-- \/ Yoast SEO plugin. -->","yoast_head_json":{"title":"Parking Holiday Inn Express Logro\u00f1o Rioja in Logro\u00f1o city center","description":"The Holiday Inn Express Logro\u00f1o Rioja offers 24 hour parking. in the city center. Guests can take advantage of our affordable special rates","robots":{"index":"index","follow":"follow","max-snippet":"max-snippet:-1","max-image-preview":"max-image-preview:large","max-video-preview":"max-video-preview:-1"},"canonical":"https:\/\/www.hiexlogrono.com\/en\/parking-hotel-logrono\/","og_locale":"en_US","og_type":"article","og_title":"Parking Holiday Inn Express Logro\u00f1o Rioja in Logro\u00f1o city center","og_description":"The Holiday Inn Express Logro\u00f1o Rioja offers 24 hour parking. in the city center. Guests can take advantage of our affordable special rates","og_url":"https:\/\/www.hiexlogrono.com\/en\/parking-hotel-logrono\/","og_site_name":"Holiday Inn Express Logro\u00f1o Rioja 3*** | Web oficial","article_modified_time":"2024-12-18T16:02:29+00:00","og_image":[{"width":2500,"height":679,"url":"https:\/\/www.hiexlogrono.com\/wp-content\/uploads\/2024\/10\/parjing_portada.jpg","type":"image\/jpeg"}],"twitter_card":"summary_large_image","twitter_misc":{"Est. reading time":"1 minute"},"schema":{"@context":"https:\/\/schema.org","@graph":[{"@type":"WebPage","@id":"https:\/\/www.hiexlogrono.com\/en\/parking-hotel-logrono\/","url":"https:\/\/www.hiexlogrono.com\/en\/parking-hotel-logrono\/","name":"Parking Holiday Inn Express Logro\u00f1o Rioja in Logro\u00f1o city center","isPartOf":{"@id":"https:\/\/www.hiexlogrono.com\/en\/#website"},"primaryImageOfPage":{"@id":"https:\/\/www.hiexlogrono.com\/en\/parking-hotel-logrono\/#primaryimage"},"image":{"@id":"https:\/\/www.hiexlogrono.com\/en\/parking-hotel-logrono\/#primaryimage"},"thumbnailUrl":"https:\/\/www.hiexlogrono.com\/wp-content\/uploads\/2025\/10\/bg_parking.jpg","datePublished":"2022-04-07T18:33:19+00:00","dateModified":"2024-12-18T16:02:29+00:00","description":"The Holiday Inn Express Logro\u00f1o Rioja offers 24 hour parking. in the city center. Guests can take advantage of our affordable special rates","breadcrumb":{"@id":"https:\/\/www.hiexlogrono.com\/en\/parking-hotel-logrono\/#breadcrumb"},"inLanguage":"en-US","potentialAction":[{"@type":"ReadAction","target":["https:\/\/www.hiexlogrono.com\/en\/parking-hotel-logrono\/"]}]},{"@type":"ImageObject","inLanguage":"en-US","@id":"https:\/\/www.hiexlogrono.com\/en\/parking-hotel-logrono\/#primaryimage","url":"https:\/\/www.hiexlogrono.com\/wp-content\/uploads\/2025\/10\/bg_parking.jpg","contentUrl":"https:\/\/www.hiexlogrono.com\/wp-content\/uploads\/2025\/10\/bg_parking.jpg","width":2560,"height":679},{"@type":"BreadcrumbList","@id":"https:\/\/www.hiexlogrono.com\/en\/parking-hotel-logrono\/#breadcrumb","itemListElement":[{"@type":"ListItem","position":1,"name":"Portada","item":"https:\/\/www.hiexlogrono.com\/en\/"},{"@type":"ListItem","position":2,"name":"Parking Holiday Inn Express Logro\u00f1o Rioja"}]},{"@type":"WebSite","@id":"https:\/\/www.hiexlogrono.com\/en\/#website","url":"https:\/\/www.hiexlogrono.com\/en\/","name":"Holiday Inn Express Logro\u00f1o Rioja 3*** | Web oficial","description":"","publisher":{"@id":"https:\/\/www.hiexlogrono.com\/en\/#organization"},"potentialAction":[{"@type":"SearchAction","target":{"@type":"EntryPoint","urlTemplate":"https:\/\/www.hiexlogrono.com\/en\/?s={search_term_string}"},"query-input":{"@type":"PropertyValueSpecification","valueRequired":true,"valueName":"search_term_string"}}],"inLanguage":"en-US"},{"@type":"Organization","@id":"https:\/\/www.hiexlogrono.com\/en\/#organization","name":"Logro\u00f1o Parque Hotel","url":"https:\/\/www.hiexlogrono.com\/en\/","logo":{"@type":"ImageObject","inLanguage":"en-US","@id":"https:\/\/www.hiexlogrono.com\/en\/#\/schema\/logo\/image\/","url":"https:\/\/www.hiexlogrono.com\/wp-content\/uploads\/2022\/04\/logo_azul.png","contentUrl":"https:\/\/www.hiexlogrono.com\/wp-content\/uploads\/2022\/04\/logo_azul.png","width":974,"height":466,"caption":"Logro\u00f1o Parque Hotel"},"image":{"@id":"https:\/\/www.hiexlogrono.com\/en\/#\/schema\/logo\/image\/"}}]}},"_links":{"self":[{"href":"https:\/\/www.hiexlogrono.com\/en\/wp-json\/wp\/v2\/pages\/343","targetHints":{"allow":["GET"]}}],"collection":[{"href":"https:\/\/www.hiexlogrono.com\/en\/wp-json\/wp\/v2\/pages"}],"about":[{"href":"https:\/\/www.hiexlogrono.com\/en\/wp-json\/wp\/v2\/types\/page"}],"author":[{"embeddable":true,"href":"https:\/\/www.hiexlogrono.com\/en\/wp-json\/wp\/v2\/users\/1"}],"replies":[{"embeddable":true,"href":"https:\/\/www.hiexlogrono.com\/en\/wp-json\/wp\/v2\/comments?post=343"}],"version-history":[{"count":8,"href":"https:\/\/www.hiexlogrono.com\/en\/wp-json\/wp\/v2\/pages\/343\/revisions"}],"predecessor-version":[{"id":1002,"href":"https:\/\/www.hiexlogrono.com\/en\/wp-json\/wp\/v2\/pages\/343\/revisions\/1002"}],"wp:featuredmedia":[{"embeddable":true,"href":"https:\/\/www.hiexlogrono.com\/en\/wp-json\/wp\/v2\/media\/1069"}],"wp:attachment":[{"href":"https:\/\/www.hiexlogrono.com\/en\/wp-json\/wp\/v2\/media?parent=343"}],"curies":[{"name":"wp","href":"https:\/\/api.w.org\/{rel}","templated":true}]}}