{"id":546,"date":"2022-03-17T18:52:11","date_gmt":"2022-03-17T18:52:11","guid":{"rendered":"https:\/\/www.hiexlogrono.com\/restauracion\/"},"modified":"2026-01-29T09:52:37","modified_gmt":"2026-01-29T09:52:37","slug":"restauration","status":"publish","type":"page","link":"https:\/\/www.hiexlogrono.com\/fr\/restauration\/","title":{"rendered":"Restauration"},"content":{"rendered":"<p>Notre petit-d\u00e9jeuner buffet se distingue par sa qualit\u00e9 et sa vari\u00e9t\u00e9. Nous incluons des jus de fruits naturels, des yaourts, de la charcuterie, des fromages, diverses sortes de pains et de viennoiseries, ainsi que du th\u00e9 et du caf\u00e9 fra\u00eechement pr\u00e9par\u00e9s.<\/p>\n<p>Nous proposons \u00e9galement un service de caf\u00e9t\u00e9ria situ\u00e9 dans le lobby de l\u2019h\u00f4tel, un espace id\u00e9al pour se d\u00e9tendre et savourer une boisson \u00e0 tout moment de la journ\u00e9e.<\/p>\n<p>B\u00e9n\u00e9ficiant d&rsquo;une situation exceptionnelle, vous trouverez un large choix de restaurants \u00e0 proximit\u00e9 de l&rsquo;h\u00f4tel ainsi que les c\u00e9l\u00e8bres pinchos de La Rioja. Notre personnel vous conseillera sur les options de restauration.<\/p>\n\n\n<p><script type=\"application\/ld+json\">\n{\n  \"@context\": \"https:\/\/schema.org\",\n  \"@type\": \"CafeOrCoffeeShop\",\n  \"name\": \"Hotel Holiday Inn Express Logro\u00f1o Rioja\",\n  \"image\": \"https:\/\/www.hiexlogrono.com\/wp-content\/uploads\/2022\/03\/restaurante-1536x417.jpg\",\n  \"@id\": \"\",\n  \"url\": \"https:\/\/www.hiexlogrono.com\/restauracion\/\",\n  \"telephone\": \"+34 941 51 92 70\",\n  \"priceRange\": \"5\u20ac-50\u20ac\",\n  \"menu\": \"\",\n  \"servesCuisine\": \"\",\n  \"acceptsReservations\": \"false\",\n  \"address\": {\n    \"@type\": \"PostalAddress\",\n    \"streetAddress\": \"Avda Club Deportivo, 98\",\n    \"addressLocality\": \"Logro\u00f1o\",\n    \"postalCode\": \"26007\",\n    \"addressCountry\": \"ES\"\n  },\n  \"geo\": {\n    \"@type\": \"GeoCoordinates\",\n    \"latitude\": 42.4589624550487,\n    \"longitude\": 2.465532188281141\n  },\n  \"openingHoursSpecification\": {\n    \"@type\": \"OpeningHoursSpecification\",\n    \"dayOfWeek\": [\n      \"Monday\",\n      \"Tuesday\",\n      \"Wednesday\",\n      \"Thursday\",\n      \"Friday\",\n      \"Saturday\",\n      \"Sunday\"\n    ],\n    \"opens\": \"00:00\",\n    \"closes\": \"23:59\"\n  } \n}\n<\/script><\/p>\n","protected":false},"excerpt":{"rendered":"<p>Notre petit-d\u00e9jeuner buffet se distingue par sa qualit\u00e9 et sa vari\u00e9t\u00e9. Nous incluons des jus [&hellip;]<\/p>\n","protected":false},"author":1,"featured_media":844,"parent":0,"menu_order":0,"comment_status":"closed","ping_status":"closed","template":"template-restaurant.php","meta":{"_acf_changed":false,"footnotes":""},"class_list":["post-546","page","type-page","status-publish","has-post-thumbnail","hentry"],"acf":[],"yoast_head":"<!-- This site is optimized with the Yoast SEO plugin v26.5 - https:\/\/yoast.com\/wordpress\/plugins\/seo\/ -->\n<title>Services de restauration de l&#039;H\u00f4tel Logro\u00f1o | Open Bar<\/title>\n<meta name=\"description\" content=\"L&#039;H\u00f4tel Logro\u00f1o offre les services de restauration: petit d\u00e9jeuner continental buffet et un Open Bar ouvert 24 heures.\" \/>\n<meta name=\"robots\" content=\"index, follow, max-snippet:-1, max-image-preview:large, max-video-preview:-1\" \/>\n<link rel=\"canonical\" href=\"https:\/\/www.hiexlogrono.com\/fr\/restauration\/\" \/>\n<meta property=\"og:locale\" content=\"fr_FR\" \/>\n<meta property=\"og:type\" content=\"article\" \/>\n<meta property=\"og:title\" content=\"Services de restauration de l&#039;H\u00f4tel Logro\u00f1o | Open Bar\" \/>\n<meta property=\"og:description\" content=\"L&#039;H\u00f4tel Logro\u00f1o offre les services de restauration: petit d\u00e9jeuner continental buffet et un Open Bar ouvert 24 heures.\" \/>\n<meta property=\"og:url\" content=\"https:\/\/www.hiexlogrono.com\/fr\/restauration\/\" \/>\n<meta property=\"og:site_name\" content=\"Holiday Inn Express Logro\u00f1o Rioja 3*** | Web oficial\" \/>\n<meta property=\"article:modified_time\" content=\"2026-01-29T09:52:37+00:00\" \/>\n<meta property=\"og:image\" content=\"https:\/\/www.hiexlogrono.com\/wp-content\/uploads\/2024\/10\/Portada-restauracion.jpg\" \/>\n\t<meta property=\"og:image:width\" content=\"2500\" \/>\n\t<meta property=\"og:image:height\" content=\"679\" \/>\n\t<meta property=\"og:image:type\" content=\"image\/jpeg\" \/>\n<meta name=\"twitter:card\" content=\"summary_large_image\" \/>\n<meta name=\"twitter:label1\" content=\"Dur\u00e9e de lecture estim\u00e9e\" \/>\n\t<meta name=\"twitter:data1\" content=\"1 minute\" \/>\n<script type=\"application\/ld+json\" class=\"yoast-schema-graph\">{\"@context\":\"https:\/\/schema.org\",\"@graph\":[{\"@type\":\"WebPage\",\"@id\":\"https:\/\/www.hiexlogrono.com\/fr\/restauration\/\",\"url\":\"https:\/\/www.hiexlogrono.com\/fr\/restauration\/\",\"name\":\"Services de restauration de l'H\u00f4tel Logro\u00f1o | Open Bar\",\"isPartOf\":{\"@id\":\"https:\/\/www.hiexlogrono.com\/fr\/#website\"},\"primaryImageOfPage\":{\"@id\":\"https:\/\/www.hiexlogrono.com\/fr\/restauration\/#primaryimage\"},\"image\":{\"@id\":\"https:\/\/www.hiexlogrono.com\/fr\/restauration\/#primaryimage\"},\"thumbnailUrl\":\"https:\/\/www.hiexlogrono.com\/wp-content\/uploads\/2024\/10\/Portada-restauracion.jpg\",\"datePublished\":\"2022-03-17T18:52:11+00:00\",\"dateModified\":\"2026-01-29T09:52:37+00:00\",\"description\":\"L'H\u00f4tel Logro\u00f1o offre les services de restauration: petit d\u00e9jeuner continental buffet et un Open Bar ouvert 24 heures.\",\"breadcrumb\":{\"@id\":\"https:\/\/www.hiexlogrono.com\/fr\/restauration\/#breadcrumb\"},\"inLanguage\":\"fr-FR\",\"potentialAction\":[{\"@type\":\"ReadAction\",\"target\":[\"https:\/\/www.hiexlogrono.com\/fr\/restauration\/\"]}]},{\"@type\":\"ImageObject\",\"inLanguage\":\"fr-FR\",\"@id\":\"https:\/\/www.hiexlogrono.com\/fr\/restauration\/#primaryimage\",\"url\":\"https:\/\/www.hiexlogrono.com\/wp-content\/uploads\/2024\/10\/Portada-restauracion.jpg\",\"contentUrl\":\"https:\/\/www.hiexlogrono.com\/wp-content\/uploads\/2024\/10\/Portada-restauracion.jpg\",\"width\":2500,\"height\":679,\"caption\":\"breakfast- desayuno en holiday inn logro\u00f1o la rioja hotel\"},{\"@type\":\"BreadcrumbList\",\"@id\":\"https:\/\/www.hiexlogrono.com\/fr\/restauration\/#breadcrumb\",\"itemListElement\":[{\"@type\":\"ListItem\",\"position\":1,\"name\":\"Portada\",\"item\":\"https:\/\/www.hiexlogrono.com\/fr\/\"},{\"@type\":\"ListItem\",\"position\":2,\"name\":\"Restauration\"}]},{\"@type\":\"WebSite\",\"@id\":\"https:\/\/www.hiexlogrono.com\/fr\/#website\",\"url\":\"https:\/\/www.hiexlogrono.com\/fr\/\",\"name\":\"Holiday Inn Express Logro\u00f1o Rioja 3*** | Web oficial\",\"description\":\"\",\"publisher\":{\"@id\":\"https:\/\/www.hiexlogrono.com\/fr\/#organization\"},\"potentialAction\":[{\"@type\":\"SearchAction\",\"target\":{\"@type\":\"EntryPoint\",\"urlTemplate\":\"https:\/\/www.hiexlogrono.com\/fr\/?s={search_term_string}\"},\"query-input\":{\"@type\":\"PropertyValueSpecification\",\"valueRequired\":true,\"valueName\":\"search_term_string\"}}],\"inLanguage\":\"fr-FR\"},{\"@type\":\"Organization\",\"@id\":\"https:\/\/www.hiexlogrono.com\/fr\/#organization\",\"name\":\"Logro\u00f1o Parque Hotel\",\"url\":\"https:\/\/www.hiexlogrono.com\/fr\/\",\"logo\":{\"@type\":\"ImageObject\",\"inLanguage\":\"fr-FR\",\"@id\":\"https:\/\/www.hiexlogrono.com\/fr\/#\/schema\/logo\/image\/\",\"url\":\"https:\/\/www.hiexlogrono.com\/wp-content\/uploads\/2022\/04\/logo_azul.png\",\"contentUrl\":\"https:\/\/www.hiexlogrono.com\/wp-content\/uploads\/2022\/04\/logo_azul.png\",\"width\":974,\"height\":466,\"caption\":\"Logro\u00f1o Parque Hotel\"},\"image\":{\"@id\":\"https:\/\/www.hiexlogrono.com\/fr\/#\/schema\/logo\/image\/\"}}]}<\/script>\n<!-- \/ Yoast SEO plugin. -->","yoast_head_json":{"title":"Services de restauration de l'H\u00f4tel Logro\u00f1o | Open Bar","description":"L'H\u00f4tel Logro\u00f1o offre les services de restauration: petit d\u00e9jeuner continental buffet et un Open Bar ouvert 24 heures.","robots":{"index":"index","follow":"follow","max-snippet":"max-snippet:-1","max-image-preview":"max-image-preview:large","max-video-preview":"max-video-preview:-1"},"canonical":"https:\/\/www.hiexlogrono.com\/fr\/restauration\/","og_locale":"fr_FR","og_type":"article","og_title":"Services de restauration de l'H\u00f4tel Logro\u00f1o | Open Bar","og_description":"L'H\u00f4tel Logro\u00f1o offre les services de restauration: petit d\u00e9jeuner continental buffet et un Open Bar ouvert 24 heures.","og_url":"https:\/\/www.hiexlogrono.com\/fr\/restauration\/","og_site_name":"Holiday Inn Express Logro\u00f1o Rioja 3*** | Web oficial","article_modified_time":"2026-01-29T09:52:37+00:00","og_image":[{"width":2500,"height":679,"url":"https:\/\/www.hiexlogrono.com\/wp-content\/uploads\/2024\/10\/Portada-restauracion.jpg","type":"image\/jpeg"}],"twitter_card":"summary_large_image","twitter_misc":{"Dur\u00e9e de lecture estim\u00e9e":"1 minute"},"schema":{"@context":"https:\/\/schema.org","@graph":[{"@type":"WebPage","@id":"https:\/\/www.hiexlogrono.com\/fr\/restauration\/","url":"https:\/\/www.hiexlogrono.com\/fr\/restauration\/","name":"Services de restauration de l'H\u00f4tel Logro\u00f1o | Open Bar","isPartOf":{"@id":"https:\/\/www.hiexlogrono.com\/fr\/#website"},"primaryImageOfPage":{"@id":"https:\/\/www.hiexlogrono.com\/fr\/restauration\/#primaryimage"},"image":{"@id":"https:\/\/www.hiexlogrono.com\/fr\/restauration\/#primaryimage"},"thumbnailUrl":"https:\/\/www.hiexlogrono.com\/wp-content\/uploads\/2024\/10\/Portada-restauracion.jpg","datePublished":"2022-03-17T18:52:11+00:00","dateModified":"2026-01-29T09:52:37+00:00","description":"L'H\u00f4tel Logro\u00f1o offre les services de restauration: petit d\u00e9jeuner continental buffet et un Open Bar ouvert 24 heures.","breadcrumb":{"@id":"https:\/\/www.hiexlogrono.com\/fr\/restauration\/#breadcrumb"},"inLanguage":"fr-FR","potentialAction":[{"@type":"ReadAction","target":["https:\/\/www.hiexlogrono.com\/fr\/restauration\/"]}]},{"@type":"ImageObject","inLanguage":"fr-FR","@id":"https:\/\/www.hiexlogrono.com\/fr\/restauration\/#primaryimage","url":"https:\/\/www.hiexlogrono.com\/wp-content\/uploads\/2024\/10\/Portada-restauracion.jpg","contentUrl":"https:\/\/www.hiexlogrono.com\/wp-content\/uploads\/2024\/10\/Portada-restauracion.jpg","width":2500,"height":679,"caption":"breakfast- desayuno en holiday inn logro\u00f1o la rioja hotel"},{"@type":"BreadcrumbList","@id":"https:\/\/www.hiexlogrono.com\/fr\/restauration\/#breadcrumb","itemListElement":[{"@type":"ListItem","position":1,"name":"Portada","item":"https:\/\/www.hiexlogrono.com\/fr\/"},{"@type":"ListItem","position":2,"name":"Restauration"}]},{"@type":"WebSite","@id":"https:\/\/www.hiexlogrono.com\/fr\/#website","url":"https:\/\/www.hiexlogrono.com\/fr\/","name":"Holiday Inn Express Logro\u00f1o Rioja 3*** | Web oficial","description":"","publisher":{"@id":"https:\/\/www.hiexlogrono.com\/fr\/#organization"},"potentialAction":[{"@type":"SearchAction","target":{"@type":"EntryPoint","urlTemplate":"https:\/\/www.hiexlogrono.com\/fr\/?s={search_term_string}"},"query-input":{"@type":"PropertyValueSpecification","valueRequired":true,"valueName":"search_term_string"}}],"inLanguage":"fr-FR"},{"@type":"Organization","@id":"https:\/\/www.hiexlogrono.com\/fr\/#organization","name":"Logro\u00f1o Parque Hotel","url":"https:\/\/www.hiexlogrono.com\/fr\/","logo":{"@type":"ImageObject","inLanguage":"fr-FR","@id":"https:\/\/www.hiexlogrono.com\/fr\/#\/schema\/logo\/image\/","url":"https:\/\/www.hiexlogrono.com\/wp-content\/uploads\/2022\/04\/logo_azul.png","contentUrl":"https:\/\/www.hiexlogrono.com\/wp-content\/uploads\/2022\/04\/logo_azul.png","width":974,"height":466,"caption":"Logro\u00f1o Parque Hotel"},"image":{"@id":"https:\/\/www.hiexlogrono.com\/fr\/#\/schema\/logo\/image\/"}}]}},"_links":{"self":[{"href":"https:\/\/www.hiexlogrono.com\/fr\/wp-json\/wp\/v2\/pages\/546","targetHints":{"allow":["GET"]}}],"collection":[{"href":"https:\/\/www.hiexlogrono.com\/fr\/wp-json\/wp\/v2\/pages"}],"about":[{"href":"https:\/\/www.hiexlogrono.com\/fr\/wp-json\/wp\/v2\/types\/page"}],"author":[{"embeddable":true,"href":"https:\/\/www.hiexlogrono.com\/fr\/wp-json\/wp\/v2\/users\/1"}],"replies":[{"embeddable":true,"href":"https:\/\/www.hiexlogrono.com\/fr\/wp-json\/wp\/v2\/comments?post=546"}],"version-history":[{"count":11,"href":"https:\/\/www.hiexlogrono.com\/fr\/wp-json\/wp\/v2\/pages\/546\/revisions"}],"predecessor-version":[{"id":1109,"href":"https:\/\/www.hiexlogrono.com\/fr\/wp-json\/wp\/v2\/pages\/546\/revisions\/1109"}],"wp:featuredmedia":[{"embeddable":true,"href":"https:\/\/www.hiexlogrono.com\/fr\/wp-json\/wp\/v2\/media\/844"}],"wp:attachment":[{"href":"https:\/\/www.hiexlogrono.com\/fr\/wp-json\/wp\/v2\/media?parent=546"}],"curies":[{"name":"wp","href":"https:\/\/api.w.org\/{rel}","templated":true}]}}