{"id":554,"date":"2022-03-17T18:52:40","date_gmt":"2022-03-17T18:52:40","guid":{"rendered":"https:\/\/www.hiexlogrono.com\/ubicacion\/"},"modified":"2024-12-19T10:08:12","modified_gmt":"2024-12-19T10:08:12","slug":"emplacement","status":"publish","type":"page","link":"https:\/\/www.hiexlogrono.com\/fr\/emplacement\/","title":{"rendered":"Emplacement"},"content":{"rendered":"<p><iframe src=\"https:\/\/www.google.com\/maps\/embed?pb=!1m18!1m12!1m3!1d2943.5356671165405!2d-2.4671288487913756!3d42.458894736744256!2m3!1f0!2f0!3f0!3m2!1i1024!2i768!4f13.1!3m3!1m2!1s0xd4554b3d1b3d117%3A0x7428bfbf699624d2!2sAv.%20Club%20Deportivo%2C%2098%2C%2026007%20Logro%C3%B1o%2C%20La%20Rioja!5e0!3m2!1ses!2ses!4v1648814893216!5m2!1ses!2ses\" style=\"border:0;\" allowfullscreen=\"\" loading=\"lazy\" referrerpolicy=\"no-referrer-when-downgrade\" width=\"100%\" height=\"450\"><\/iframe><br \/>\n<script type=\"application\/ld+json\">\n{\n\t\"@context\": \"http:\/\/schema.org\/\",\n\t\"@type\": \"ContactPage\",\n    \"mainContentOfPage\": \"https:\/\/www.hiexlogrono.com\/ubicacion\/\"\n}\n<\/script><\/p>\n<p><script type=\"application\/ld+json\">\n{\n \"@context\": \"https:\/\/schema.org\/\",\n \"@type\": \"WebPage\",\n \"name\": \"Hotel Holiday Inn Express Logro\u00f1o Rioja\",\n \"speakable\":\n {\n  \"@type\": \"SpeakableSpecification\",\n  \"cssSelector\": [\"Holiday Inn Express Logro\u00f1o Rioja\", \"Hotel 3 estrellas en Logro\u00f1o, en el centro de la ciudad.\"]\n  },\n \"url\": \"https:\/\/www.hiexlogrono.com\/ubicacion\/\"\n }\n<\/script><\/p>\n","protected":false},"excerpt":{"rendered":"","protected":false},"author":1,"featured_media":466,"parent":0,"menu_order":0,"comment_status":"closed","ping_status":"closed","template":"template-ubicacion.php","meta":{"_acf_changed":false,"footnotes":""},"class_list":["post-554","page","type-page","status-publish","has-post-thumbnail","hentry"],"acf":[],"yoast_head":"<!-- This site is optimized with the Yoast SEO plugin v26.5 - https:\/\/yoast.com\/wordpress\/plugins\/seo\/ -->\n<title>Emplacement du Holiday Inn Express Logro\u00f1o Rioja pr\u00e8s du centre<\/title>\n<meta name=\"description\" content=\"L\u2019h\u00f4tel Holiday Inn Express Logro\u00f1o Rioja est situ\u00e9 a c\u00f4t\u00e9 du centre ville de Logro\u00f1o, \u00e0 c\u00f4t\u00e9 du parc San Miguel\" \/>\n<meta name=\"robots\" content=\"index, follow, max-snippet:-1, max-image-preview:large, max-video-preview:-1\" \/>\n<link rel=\"canonical\" href=\"https:\/\/www.hiexlogrono.com\/fr\/emplacement\/\" \/>\n<meta property=\"og:locale\" content=\"fr_FR\" \/>\n<meta property=\"og:type\" content=\"article\" \/>\n<meta property=\"og:title\" content=\"Emplacement du Holiday Inn Express Logro\u00f1o Rioja pr\u00e8s du centre\" \/>\n<meta property=\"og:description\" content=\"L\u2019h\u00f4tel Holiday Inn Express Logro\u00f1o Rioja est situ\u00e9 a c\u00f4t\u00e9 du centre ville de Logro\u00f1o, \u00e0 c\u00f4t\u00e9 du parc San Miguel\" \/>\n<meta property=\"og:url\" content=\"https:\/\/www.hiexlogrono.com\/fr\/emplacement\/\" \/>\n<meta property=\"og:site_name\" content=\"Holiday Inn Express Logro\u00f1o Rioja 3*** | Web oficial\" \/>\n<meta property=\"article:modified_time\" content=\"2024-12-19T10:08:12+00:00\" \/>\n<meta property=\"og:image\" content=\"https:\/\/www.hiexlogrono.com\/wp-content\/uploads\/2022\/04\/ubicacion.jpg\" \/>\n\t<meta property=\"og:image:width\" content=\"2500\" \/>\n\t<meta property=\"og:image:height\" content=\"679\" \/>\n\t<meta property=\"og:image:type\" content=\"image\/jpeg\" \/>\n<meta name=\"twitter:card\" content=\"summary_large_image\" \/>\n<meta name=\"twitter:label1\" content=\"Dur\u00e9e de lecture estim\u00e9e\" \/>\n\t<meta name=\"twitter:data1\" content=\"1 minute\" \/>\n<script type=\"application\/ld+json\" class=\"yoast-schema-graph\">{\"@context\":\"https:\/\/schema.org\",\"@graph\":[{\"@type\":\"WebPage\",\"@id\":\"https:\/\/www.hiexlogrono.com\/fr\/emplacement\/\",\"url\":\"https:\/\/www.hiexlogrono.com\/fr\/emplacement\/\",\"name\":\"Emplacement du Holiday Inn Express Logro\u00f1o Rioja pr\u00e8s du centre\",\"isPartOf\":{\"@id\":\"https:\/\/www.hiexlogrono.com\/fr\/#website\"},\"primaryImageOfPage\":{\"@id\":\"https:\/\/www.hiexlogrono.com\/fr\/emplacement\/#primaryimage\"},\"image\":{\"@id\":\"https:\/\/www.hiexlogrono.com\/fr\/emplacement\/#primaryimage\"},\"thumbnailUrl\":\"https:\/\/www.hiexlogrono.com\/wp-content\/uploads\/2022\/04\/ubicacion.jpg\",\"datePublished\":\"2022-03-17T18:52:40+00:00\",\"dateModified\":\"2024-12-19T10:08:12+00:00\",\"description\":\"L\u2019h\u00f4tel Holiday Inn Express Logro\u00f1o Rioja est situ\u00e9 a c\u00f4t\u00e9 du centre ville de Logro\u00f1o, \u00e0 c\u00f4t\u00e9 du parc San Miguel\",\"breadcrumb\":{\"@id\":\"https:\/\/www.hiexlogrono.com\/fr\/emplacement\/#breadcrumb\"},\"inLanguage\":\"fr-FR\",\"potentialAction\":[{\"@type\":\"ReadAction\",\"target\":[\"https:\/\/www.hiexlogrono.com\/fr\/emplacement\/\"]}]},{\"@type\":\"ImageObject\",\"inLanguage\":\"fr-FR\",\"@id\":\"https:\/\/www.hiexlogrono.com\/fr\/emplacement\/#primaryimage\",\"url\":\"https:\/\/www.hiexlogrono.com\/wp-content\/uploads\/2022\/04\/ubicacion.jpg\",\"contentUrl\":\"https:\/\/www.hiexlogrono.com\/wp-content\/uploads\/2022\/04\/ubicacion.jpg\",\"width\":2500,\"height\":679,\"caption\":\"emplacement hotel logro\u00f1o parque\"},{\"@type\":\"BreadcrumbList\",\"@id\":\"https:\/\/www.hiexlogrono.com\/fr\/emplacement\/#breadcrumb\",\"itemListElement\":[{\"@type\":\"ListItem\",\"position\":1,\"name\":\"Portada\",\"item\":\"https:\/\/www.hiexlogrono.com\/fr\/\"},{\"@type\":\"ListItem\",\"position\":2,\"name\":\"Emplacement\"}]},{\"@type\":\"WebSite\",\"@id\":\"https:\/\/www.hiexlogrono.com\/fr\/#website\",\"url\":\"https:\/\/www.hiexlogrono.com\/fr\/\",\"name\":\"Holiday Inn Express Logro\u00f1o Rioja 3*** | Web oficial\",\"description\":\"\",\"publisher\":{\"@id\":\"https:\/\/www.hiexlogrono.com\/fr\/#organization\"},\"potentialAction\":[{\"@type\":\"SearchAction\",\"target\":{\"@type\":\"EntryPoint\",\"urlTemplate\":\"https:\/\/www.hiexlogrono.com\/fr\/?s={search_term_string}\"},\"query-input\":{\"@type\":\"PropertyValueSpecification\",\"valueRequired\":true,\"valueName\":\"search_term_string\"}}],\"inLanguage\":\"fr-FR\"},{\"@type\":\"Organization\",\"@id\":\"https:\/\/www.hiexlogrono.com\/fr\/#organization\",\"name\":\"Logro\u00f1o Parque Hotel\",\"url\":\"https:\/\/www.hiexlogrono.com\/fr\/\",\"logo\":{\"@type\":\"ImageObject\",\"inLanguage\":\"fr-FR\",\"@id\":\"https:\/\/www.hiexlogrono.com\/fr\/#\/schema\/logo\/image\/\",\"url\":\"https:\/\/www.hiexlogrono.com\/wp-content\/uploads\/2022\/04\/logo_azul.png\",\"contentUrl\":\"https:\/\/www.hiexlogrono.com\/wp-content\/uploads\/2022\/04\/logo_azul.png\",\"width\":974,\"height\":466,\"caption\":\"Logro\u00f1o Parque Hotel\"},\"image\":{\"@id\":\"https:\/\/www.hiexlogrono.com\/fr\/#\/schema\/logo\/image\/\"}}]}<\/script>\n<!-- \/ Yoast SEO plugin. -->","yoast_head_json":{"title":"Emplacement du Holiday Inn Express Logro\u00f1o Rioja pr\u00e8s du centre","description":"L\u2019h\u00f4tel Holiday Inn Express Logro\u00f1o Rioja est situ\u00e9 a c\u00f4t\u00e9 du centre ville de Logro\u00f1o, \u00e0 c\u00f4t\u00e9 du parc San Miguel","robots":{"index":"index","follow":"follow","max-snippet":"max-snippet:-1","max-image-preview":"max-image-preview:large","max-video-preview":"max-video-preview:-1"},"canonical":"https:\/\/www.hiexlogrono.com\/fr\/emplacement\/","og_locale":"fr_FR","og_type":"article","og_title":"Emplacement du Holiday Inn Express Logro\u00f1o Rioja pr\u00e8s du centre","og_description":"L\u2019h\u00f4tel Holiday Inn Express Logro\u00f1o Rioja est situ\u00e9 a c\u00f4t\u00e9 du centre ville de Logro\u00f1o, \u00e0 c\u00f4t\u00e9 du parc San Miguel","og_url":"https:\/\/www.hiexlogrono.com\/fr\/emplacement\/","og_site_name":"Holiday Inn Express Logro\u00f1o Rioja 3*** | Web oficial","article_modified_time":"2024-12-19T10:08:12+00:00","og_image":[{"width":2500,"height":679,"url":"https:\/\/www.hiexlogrono.com\/wp-content\/uploads\/2022\/04\/ubicacion.jpg","type":"image\/jpeg"}],"twitter_card":"summary_large_image","twitter_misc":{"Dur\u00e9e de lecture estim\u00e9e":"1 minute"},"schema":{"@context":"https:\/\/schema.org","@graph":[{"@type":"WebPage","@id":"https:\/\/www.hiexlogrono.com\/fr\/emplacement\/","url":"https:\/\/www.hiexlogrono.com\/fr\/emplacement\/","name":"Emplacement du Holiday Inn Express Logro\u00f1o Rioja pr\u00e8s du centre","isPartOf":{"@id":"https:\/\/www.hiexlogrono.com\/fr\/#website"},"primaryImageOfPage":{"@id":"https:\/\/www.hiexlogrono.com\/fr\/emplacement\/#primaryimage"},"image":{"@id":"https:\/\/www.hiexlogrono.com\/fr\/emplacement\/#primaryimage"},"thumbnailUrl":"https:\/\/www.hiexlogrono.com\/wp-content\/uploads\/2022\/04\/ubicacion.jpg","datePublished":"2022-03-17T18:52:40+00:00","dateModified":"2024-12-19T10:08:12+00:00","description":"L\u2019h\u00f4tel Holiday Inn Express Logro\u00f1o Rioja est situ\u00e9 a c\u00f4t\u00e9 du centre ville de Logro\u00f1o, \u00e0 c\u00f4t\u00e9 du parc San Miguel","breadcrumb":{"@id":"https:\/\/www.hiexlogrono.com\/fr\/emplacement\/#breadcrumb"},"inLanguage":"fr-FR","potentialAction":[{"@type":"ReadAction","target":["https:\/\/www.hiexlogrono.com\/fr\/emplacement\/"]}]},{"@type":"ImageObject","inLanguage":"fr-FR","@id":"https:\/\/www.hiexlogrono.com\/fr\/emplacement\/#primaryimage","url":"https:\/\/www.hiexlogrono.com\/wp-content\/uploads\/2022\/04\/ubicacion.jpg","contentUrl":"https:\/\/www.hiexlogrono.com\/wp-content\/uploads\/2022\/04\/ubicacion.jpg","width":2500,"height":679,"caption":"emplacement hotel logro\u00f1o parque"},{"@type":"BreadcrumbList","@id":"https:\/\/www.hiexlogrono.com\/fr\/emplacement\/#breadcrumb","itemListElement":[{"@type":"ListItem","position":1,"name":"Portada","item":"https:\/\/www.hiexlogrono.com\/fr\/"},{"@type":"ListItem","position":2,"name":"Emplacement"}]},{"@type":"WebSite","@id":"https:\/\/www.hiexlogrono.com\/fr\/#website","url":"https:\/\/www.hiexlogrono.com\/fr\/","name":"Holiday Inn Express Logro\u00f1o Rioja 3*** | Web oficial","description":"","publisher":{"@id":"https:\/\/www.hiexlogrono.com\/fr\/#organization"},"potentialAction":[{"@type":"SearchAction","target":{"@type":"EntryPoint","urlTemplate":"https:\/\/www.hiexlogrono.com\/fr\/?s={search_term_string}"},"query-input":{"@type":"PropertyValueSpecification","valueRequired":true,"valueName":"search_term_string"}}],"inLanguage":"fr-FR"},{"@type":"Organization","@id":"https:\/\/www.hiexlogrono.com\/fr\/#organization","name":"Logro\u00f1o Parque Hotel","url":"https:\/\/www.hiexlogrono.com\/fr\/","logo":{"@type":"ImageObject","inLanguage":"fr-FR","@id":"https:\/\/www.hiexlogrono.com\/fr\/#\/schema\/logo\/image\/","url":"https:\/\/www.hiexlogrono.com\/wp-content\/uploads\/2022\/04\/logo_azul.png","contentUrl":"https:\/\/www.hiexlogrono.com\/wp-content\/uploads\/2022\/04\/logo_azul.png","width":974,"height":466,"caption":"Logro\u00f1o Parque Hotel"},"image":{"@id":"https:\/\/www.hiexlogrono.com\/fr\/#\/schema\/logo\/image\/"}}]}},"_links":{"self":[{"href":"https:\/\/www.hiexlogrono.com\/fr\/wp-json\/wp\/v2\/pages\/554","targetHints":{"allow":["GET"]}}],"collection":[{"href":"https:\/\/www.hiexlogrono.com\/fr\/wp-json\/wp\/v2\/pages"}],"about":[{"href":"https:\/\/www.hiexlogrono.com\/fr\/wp-json\/wp\/v2\/types\/page"}],"author":[{"embeddable":true,"href":"https:\/\/www.hiexlogrono.com\/fr\/wp-json\/wp\/v2\/users\/1"}],"replies":[{"embeddable":true,"href":"https:\/\/www.hiexlogrono.com\/fr\/wp-json\/wp\/v2\/comments?post=554"}],"version-history":[{"count":9,"href":"https:\/\/www.hiexlogrono.com\/fr\/wp-json\/wp\/v2\/pages\/554\/revisions"}],"predecessor-version":[{"id":1014,"href":"https:\/\/www.hiexlogrono.com\/fr\/wp-json\/wp\/v2\/pages\/554\/revisions\/1014"}],"wp:featuredmedia":[{"embeddable":true,"href":"https:\/\/www.hiexlogrono.com\/fr\/wp-json\/wp\/v2\/media\/466"}],"wp:attachment":[{"href":"https:\/\/www.hiexlogrono.com\/fr\/wp-json\/wp\/v2\/media?parent=554"}],"curies":[{"name":"wp","href":"https:\/\/api.w.org\/{rel}","templated":true}]}}