{"id":559,"date":"2022-03-17T18:53:03","date_gmt":"2022-03-17T18:53:03","guid":{"rendered":"https:\/\/www.hiexlogrono.com\/valoraciones\/"},"modified":"2024-12-19T09:27:07","modified_gmt":"2024-12-19T09:27:07","slug":"evaluations","status":"publish","type":"page","link":"https:\/\/www.hiexlogrono.com\/fr\/evaluations\/","title":{"rendered":"\u00c9valuations"},"content":{"rendered":"<p><script type=\"application\/ld+json\">\n{\n  \"@context\": \"https:\/\/schema.org\/\",\n  \"@type\": \"Review\",\n  \"reviewBody\": \"Buen hotel con amplia habitaci\u00f3n y ba\u00f1o.\",\n  \"itemReviewed\": {\n    \"@type\": \"Hotel\",\n    \"name\": \"Una agradable estancia\"\n  },\n  \"reviewRating\": {\n    \"@type\": \"Rating\",\n    \"ratingValue\": 5,\n    \"worstRating\": 1,\n    \"bestRating\": 5,\n    \"reviewAspect\": \"Estancia\"\n  }\n}\n<\/script><\/p>\n<p><script type=\"application\/ld+json\">\n{\n  \"@context\": \"https:\/\/schema.org\/\",\n  \"@type\": \"Review\",\n  \"reviewBody\": \"Aunque no est\u00e1 en el centro de la ciudad, caminando tardamos 15 minutos \",\n  \"itemReviewed\": {\n    \"@type\": \"Hotel\",\n    \"name\": \"Excelente\"\n  },\n  \"reviewRating\": {\n    \"@type\": \"Rating\",\n    \"ratingValue\": 5,\n    \"worstRating\": 1,\n    \"bestRating\": 5,\n    \"reviewAspect\": \"Ubicaci\u00f3n\"\n  }\n}\n<\/script><\/p>\n<p><script type=\"application\/ld+json\">\n{\n  \"@context\": \"https:\/\/schema.org\/\",\n  \"@type\": \"Review\",\n  \"reviewBody\": \"muy buen trato muy limpio y una estancia agradable  \",\n  \"itemReviewed\": {\n    \"@type\": \"Hotel\",\n    \"name\": \"Respuestas\"\n  },\n  \"reviewRating\": {\n    \"@type\": \"Rating\",\n    \"ratingValue\": 5,\n    \"worstRating\": 1,\n    \"bestRating\": 5,\n    \"reviewAspect\": \"Trato\"\n  }\n}\n<\/script><\/p>\n<p><script type=\"application\/ld+json\">\n{\n  \"@context\": \"https:\/\/schema.org\/\",\n  \"@type\": \"Review\",\n  \"reviewBody\": \"Cama muy comoda,mucha limpieza,sitio para aparcar y agua y chocolatina en la habitacion, \",\n  \"itemReviewed\": {\n    \"@type\": \"Hotel\",\n    \"name\": \"Hotel limpio,comodo y bien situado para repetir.\"\n  },\n  \"reviewRating\": {\n    \"@type\": \"Rating\",\n    \"ratingValue\": 5,\n    \"worstRating\": 1,\n    \"bestRating\": 5,\n    \"reviewAspect\": \"Comodidad\"\n  }\n}\n<\/script><\/p>\n","protected":false},"excerpt":{"rendered":"","protected":false},"author":1,"featured_media":1073,"parent":0,"menu_order":0,"comment_status":"closed","ping_status":"closed","template":"template-ratings.php","meta":{"_acf_changed":false,"footnotes":""},"class_list":["post-559","page","type-page","status-publish","has-post-thumbnail","hentry"],"acf":[],"yoast_head":"<!-- This site is optimized with the Yoast SEO plugin v26.5 - https:\/\/yoast.com\/wordpress\/plugins\/seo\/ -->\n<title>\u00c9valuations et opinions du Holiday Inn Express Logro\u00f1o Rioja<\/title>\n<meta name=\"description\" content=\"\u00c9valuations et opinions des clients de Holiday Inn Express Logro\u00f1o Rioja. Lisez les commentaires de nos clients. Hotel 3* \u00e0 Logro\u00f1o.\" \/>\n<meta name=\"robots\" content=\"index, follow, max-snippet:-1, max-image-preview:large, max-video-preview:-1\" \/>\n<link rel=\"canonical\" href=\"https:\/\/www.hiexlogrono.com\/fr\/evaluations\/\" \/>\n<meta property=\"og:locale\" content=\"fr_FR\" \/>\n<meta property=\"og:type\" content=\"article\" \/>\n<meta property=\"og:title\" content=\"\u00c9valuations et opinions du Holiday Inn Express Logro\u00f1o Rioja\" \/>\n<meta property=\"og:description\" content=\"\u00c9valuations et opinions des clients de Holiday Inn Express Logro\u00f1o Rioja. Lisez les commentaires de nos clients. Hotel 3* \u00e0 Logro\u00f1o.\" \/>\n<meta property=\"og:url\" content=\"https:\/\/www.hiexlogrono.com\/fr\/evaluations\/\" \/>\n<meta property=\"og:site_name\" content=\"Holiday Inn Express Logro\u00f1o Rioja 3*** | Web oficial\" \/>\n<meta property=\"article:modified_time\" content=\"2024-12-19T09:27:07+00:00\" \/>\n<meta property=\"og:image\" content=\"https:\/\/www.hiexlogrono.com\/wp-content\/uploads\/2024\/10\/valoraciones_portada.jpg\" \/>\n\t<meta property=\"og:image:width\" content=\"2500\" \/>\n\t<meta property=\"og:image:height\" content=\"700\" \/>\n\t<meta property=\"og:image:type\" content=\"image\/jpeg\" \/>\n<meta name=\"twitter:card\" content=\"summary_large_image\" \/>\n<meta name=\"twitter:label1\" content=\"Dur\u00e9e de lecture estim\u00e9e\" \/>\n\t<meta name=\"twitter:data1\" content=\"1 minute\" \/>\n<script type=\"application\/ld+json\" class=\"yoast-schema-graph\">{\"@context\":\"https:\/\/schema.org\",\"@graph\":[{\"@type\":\"WebPage\",\"@id\":\"https:\/\/www.hiexlogrono.com\/fr\/evaluations\/\",\"url\":\"https:\/\/www.hiexlogrono.com\/fr\/evaluations\/\",\"name\":\"\u00c9valuations et opinions du Holiday Inn Express Logro\u00f1o Rioja\",\"isPartOf\":{\"@id\":\"https:\/\/www.hiexlogrono.com\/fr\/#website\"},\"primaryImageOfPage\":{\"@id\":\"https:\/\/www.hiexlogrono.com\/fr\/evaluations\/#primaryimage\"},\"image\":{\"@id\":\"https:\/\/www.hiexlogrono.com\/fr\/evaluations\/#primaryimage\"},\"thumbnailUrl\":\"https:\/\/www.hiexlogrono.com\/wp-content\/uploads\/2025\/10\/bg_valoraciones.jpg\",\"datePublished\":\"2022-03-17T18:53:03+00:00\",\"dateModified\":\"2024-12-19T09:27:07+00:00\",\"description\":\"\u00c9valuations et opinions des clients de Holiday Inn Express Logro\u00f1o Rioja. Lisez les commentaires de nos clients. Hotel 3* \u00e0 Logro\u00f1o.\",\"breadcrumb\":{\"@id\":\"https:\/\/www.hiexlogrono.com\/fr\/evaluations\/#breadcrumb\"},\"inLanguage\":\"fr-FR\",\"potentialAction\":[{\"@type\":\"ReadAction\",\"target\":[\"https:\/\/www.hiexlogrono.com\/fr\/evaluations\/\"]}]},{\"@type\":\"ImageObject\",\"inLanguage\":\"fr-FR\",\"@id\":\"https:\/\/www.hiexlogrono.com\/fr\/evaluations\/#primaryimage\",\"url\":\"https:\/\/www.hiexlogrono.com\/wp-content\/uploads\/2025\/10\/bg_valoraciones.jpg\",\"contentUrl\":\"https:\/\/www.hiexlogrono.com\/wp-content\/uploads\/2025\/10\/bg_valoraciones.jpg\",\"width\":2560,\"height\":679},{\"@type\":\"BreadcrumbList\",\"@id\":\"https:\/\/www.hiexlogrono.com\/fr\/evaluations\/#breadcrumb\",\"itemListElement\":[{\"@type\":\"ListItem\",\"position\":1,\"name\":\"Portada\",\"item\":\"https:\/\/www.hiexlogrono.com\/fr\/\"},{\"@type\":\"ListItem\",\"position\":2,\"name\":\"\u00c9valuations\"}]},{\"@type\":\"WebSite\",\"@id\":\"https:\/\/www.hiexlogrono.com\/fr\/#website\",\"url\":\"https:\/\/www.hiexlogrono.com\/fr\/\",\"name\":\"Holiday Inn Express Logro\u00f1o Rioja 3*** | Web oficial\",\"description\":\"\",\"publisher\":{\"@id\":\"https:\/\/www.hiexlogrono.com\/fr\/#organization\"},\"potentialAction\":[{\"@type\":\"SearchAction\",\"target\":{\"@type\":\"EntryPoint\",\"urlTemplate\":\"https:\/\/www.hiexlogrono.com\/fr\/?s={search_term_string}\"},\"query-input\":{\"@type\":\"PropertyValueSpecification\",\"valueRequired\":true,\"valueName\":\"search_term_string\"}}],\"inLanguage\":\"fr-FR\"},{\"@type\":\"Organization\",\"@id\":\"https:\/\/www.hiexlogrono.com\/fr\/#organization\",\"name\":\"Logro\u00f1o Parque Hotel\",\"url\":\"https:\/\/www.hiexlogrono.com\/fr\/\",\"logo\":{\"@type\":\"ImageObject\",\"inLanguage\":\"fr-FR\",\"@id\":\"https:\/\/www.hiexlogrono.com\/fr\/#\/schema\/logo\/image\/\",\"url\":\"https:\/\/www.hiexlogrono.com\/wp-content\/uploads\/2022\/04\/logo_azul.png\",\"contentUrl\":\"https:\/\/www.hiexlogrono.com\/wp-content\/uploads\/2022\/04\/logo_azul.png\",\"width\":974,\"height\":466,\"caption\":\"Logro\u00f1o Parque Hotel\"},\"image\":{\"@id\":\"https:\/\/www.hiexlogrono.com\/fr\/#\/schema\/logo\/image\/\"}}]}<\/script>\n<!-- \/ Yoast SEO plugin. -->","yoast_head_json":{"title":"\u00c9valuations et opinions du Holiday Inn Express Logro\u00f1o Rioja","description":"\u00c9valuations et opinions des clients de Holiday Inn Express Logro\u00f1o Rioja. Lisez les commentaires de nos clients. Hotel 3* \u00e0 Logro\u00f1o.","robots":{"index":"index","follow":"follow","max-snippet":"max-snippet:-1","max-image-preview":"max-image-preview:large","max-video-preview":"max-video-preview:-1"},"canonical":"https:\/\/www.hiexlogrono.com\/fr\/evaluations\/","og_locale":"fr_FR","og_type":"article","og_title":"\u00c9valuations et opinions du Holiday Inn Express Logro\u00f1o Rioja","og_description":"\u00c9valuations et opinions des clients de Holiday Inn Express Logro\u00f1o Rioja. Lisez les commentaires de nos clients. Hotel 3* \u00e0 Logro\u00f1o.","og_url":"https:\/\/www.hiexlogrono.com\/fr\/evaluations\/","og_site_name":"Holiday Inn Express Logro\u00f1o Rioja 3*** | Web oficial","article_modified_time":"2024-12-19T09:27:07+00:00","og_image":[{"width":2500,"height":700,"url":"https:\/\/www.hiexlogrono.com\/wp-content\/uploads\/2024\/10\/valoraciones_portada.jpg","type":"image\/jpeg"}],"twitter_card":"summary_large_image","twitter_misc":{"Dur\u00e9e de lecture estim\u00e9e":"1 minute"},"schema":{"@context":"https:\/\/schema.org","@graph":[{"@type":"WebPage","@id":"https:\/\/www.hiexlogrono.com\/fr\/evaluations\/","url":"https:\/\/www.hiexlogrono.com\/fr\/evaluations\/","name":"\u00c9valuations et opinions du Holiday Inn Express Logro\u00f1o Rioja","isPartOf":{"@id":"https:\/\/www.hiexlogrono.com\/fr\/#website"},"primaryImageOfPage":{"@id":"https:\/\/www.hiexlogrono.com\/fr\/evaluations\/#primaryimage"},"image":{"@id":"https:\/\/www.hiexlogrono.com\/fr\/evaluations\/#primaryimage"},"thumbnailUrl":"https:\/\/www.hiexlogrono.com\/wp-content\/uploads\/2025\/10\/bg_valoraciones.jpg","datePublished":"2022-03-17T18:53:03+00:00","dateModified":"2024-12-19T09:27:07+00:00","description":"\u00c9valuations et opinions des clients de Holiday Inn Express Logro\u00f1o Rioja. Lisez les commentaires de nos clients. Hotel 3* \u00e0 Logro\u00f1o.","breadcrumb":{"@id":"https:\/\/www.hiexlogrono.com\/fr\/evaluations\/#breadcrumb"},"inLanguage":"fr-FR","potentialAction":[{"@type":"ReadAction","target":["https:\/\/www.hiexlogrono.com\/fr\/evaluations\/"]}]},{"@type":"ImageObject","inLanguage":"fr-FR","@id":"https:\/\/www.hiexlogrono.com\/fr\/evaluations\/#primaryimage","url":"https:\/\/www.hiexlogrono.com\/wp-content\/uploads\/2025\/10\/bg_valoraciones.jpg","contentUrl":"https:\/\/www.hiexlogrono.com\/wp-content\/uploads\/2025\/10\/bg_valoraciones.jpg","width":2560,"height":679},{"@type":"BreadcrumbList","@id":"https:\/\/www.hiexlogrono.com\/fr\/evaluations\/#breadcrumb","itemListElement":[{"@type":"ListItem","position":1,"name":"Portada","item":"https:\/\/www.hiexlogrono.com\/fr\/"},{"@type":"ListItem","position":2,"name":"\u00c9valuations"}]},{"@type":"WebSite","@id":"https:\/\/www.hiexlogrono.com\/fr\/#website","url":"https:\/\/www.hiexlogrono.com\/fr\/","name":"Holiday Inn Express Logro\u00f1o Rioja 3*** | Web oficial","description":"","publisher":{"@id":"https:\/\/www.hiexlogrono.com\/fr\/#organization"},"potentialAction":[{"@type":"SearchAction","target":{"@type":"EntryPoint","urlTemplate":"https:\/\/www.hiexlogrono.com\/fr\/?s={search_term_string}"},"query-input":{"@type":"PropertyValueSpecification","valueRequired":true,"valueName":"search_term_string"}}],"inLanguage":"fr-FR"},{"@type":"Organization","@id":"https:\/\/www.hiexlogrono.com\/fr\/#organization","name":"Logro\u00f1o Parque Hotel","url":"https:\/\/www.hiexlogrono.com\/fr\/","logo":{"@type":"ImageObject","inLanguage":"fr-FR","@id":"https:\/\/www.hiexlogrono.com\/fr\/#\/schema\/logo\/image\/","url":"https:\/\/www.hiexlogrono.com\/wp-content\/uploads\/2022\/04\/logo_azul.png","contentUrl":"https:\/\/www.hiexlogrono.com\/wp-content\/uploads\/2022\/04\/logo_azul.png","width":974,"height":466,"caption":"Logro\u00f1o Parque Hotel"},"image":{"@id":"https:\/\/www.hiexlogrono.com\/fr\/#\/schema\/logo\/image\/"}}]}},"_links":{"self":[{"href":"https:\/\/www.hiexlogrono.com\/fr\/wp-json\/wp\/v2\/pages\/559","targetHints":{"allow":["GET"]}}],"collection":[{"href":"https:\/\/www.hiexlogrono.com\/fr\/wp-json\/wp\/v2\/pages"}],"about":[{"href":"https:\/\/www.hiexlogrono.com\/fr\/wp-json\/wp\/v2\/types\/page"}],"author":[{"embeddable":true,"href":"https:\/\/www.hiexlogrono.com\/fr\/wp-json\/wp\/v2\/users\/1"}],"replies":[{"embeddable":true,"href":"https:\/\/www.hiexlogrono.com\/fr\/wp-json\/wp\/v2\/comments?post=559"}],"version-history":[{"count":6,"href":"https:\/\/www.hiexlogrono.com\/fr\/wp-json\/wp\/v2\/pages\/559\/revisions"}],"predecessor-version":[{"id":998,"href":"https:\/\/www.hiexlogrono.com\/fr\/wp-json\/wp\/v2\/pages\/559\/revisions\/998"}],"wp:featuredmedia":[{"embeddable":true,"href":"https:\/\/www.hiexlogrono.com\/fr\/wp-json\/wp\/v2\/media\/1073"}],"wp:attachment":[{"href":"https:\/\/www.hiexlogrono.com\/fr\/wp-json\/wp\/v2\/media?parent=559"}],"curies":[{"name":"wp","href":"https:\/\/api.w.org\/{rel}","templated":true}]}}